{"id":63,"date":"2021-04-14T15:21:16","date_gmt":"2021-04-14T13:21:16","guid":{"rendered":"https:\/\/sv-bondorf.de\/tauschboerse\/?page_id=63"},"modified":"2021-07-09T12:39:34","modified_gmt":"2021-07-09T10:39:34","slug":"nutzungsbedingungen","status":"publish","type":"page","link":"https:\/\/sv-bondorf.de\/tauschboerse\/nutzungsbedingungen\/","title":{"rendered":"Nutzungsbedingungen"},"content":{"rendered":"\n<h2>Allgemeine Nutzungsbedingungen f\u00fcr die SV Bondorf Tauschb\u00f6rse<\/h2>\n\n\n\n<h3><strong>Diese Nutzungsbedingungen gelten ab dem 14.04.2021. <\/strong><\/h3>\n\n\n\n<p>Der SV Bondorf 1934 e.V. &#8211; im weiteren Verlauf SV Bondorf genannt &#8211; betreibt unter der Bezeichnung \u201eSV Bondorf Tauschb\u00f6rse\u201c eine deutschsprachige Website.<\/p>\n\n\n\n<p>Diese Allgemeinen Nutzungsbedingungen (im Folgenden \u201eNutzungsbedingungen\u201c) enthalten die grundlegenden Regeln f\u00fcr die Nutzung der SV Bondorf Tauschb\u00f6rse. Von diesen Bedingungen abweichende Gesch\u00e4ftsbedingungen des Nutzers finden keine Anwendung, wenn sie vom SV Bondorf nicht schriftlich best\u00e4tigt worden sind.<\/p>\n\n\n\n<p>Die Nutzungsbedingungen werden ausschlie\u00dflich in deutscher Sprache zur Verf\u00fcgung gestellt.<\/p>\n\n\n\n<h2>\u00a7 1 Leistungsbeschreibung und Bewerbung der Anzeigen<\/h2>\n\n\n\n<ol><li>Der SV Bondorf stellt mit der SV Bondorf Tauschb\u00f6rse einen Online-Service zur Verf\u00fcgung, \u00fcber den der Nutzer als Inserent aus Texten und Bildern bestehende Angebote und Gesuche (im Folgenden \u201eAnzeigen\u201c) erstellen und ver\u00f6ffentlichen sowie als Interessent ver\u00f6ffentlichte Anzeigen anderer Nutzer einsehen kann. Dar\u00fcber hinaus erm\u00f6glichen die SV Bondorf Tauschb\u00f6rse auch den Austausch elektronischer Nachrichten zwischen Inserenten und Interessenten. Soweit dies zur Konvertierung in f\u00fcr die SV Bondorf Tauschb\u00f6rse taugliche Dateiformate erforderlich ist, wird der SV Bondorf die Anzeigen des Nutzers in Formate f\u00fcr die Nutzung in mobilen Anwendungen und Webseiten konvertieren.<\/li><li>Die SV Bondorf Tauschb\u00f6rse dient dem Ver\u00f6ffentlichen von Anzeigen und dem Zusammenf\u00fchren von Anbietern und Interessenten der eingestellten Waren. Der SV Bondorf ist selbst nicht Anbieter der jeweils mit den Anzeigen beworbenen Produkte.<\/li><li>Im Rahmen der Anzeigendarstellung und auf der \u00dcbersichtsseite eines Nutzers zeigt die SV Bondorf Tauschb\u00f6rse zus\u00e4tzliche Angaben zum Nutzer und dessen Aktivit\u00e4ten in der SV Bondorf Tauschb\u00f6rse an (dies k\u00f6nnen z.B. Angaben zur Antwortrate und\/oder durchschnittlichen Antwortzeit auf Anfragen zu ver\u00f6ffentlichten Anzeigen sein, sog. Aktivit\u00e4tsindikatoren). Die SV Bondorf Tauschb\u00f6rse kann den Nutzer zudem anhand bestimmter Kriterien kennzeichnen.<\/li><li>Die SV Bondorf Tauschb\u00f6rse erm\u00f6glicht es Nutzern, sich basierend auf einer konkreten Interaktion miteinander gegenseitig und \u00f6ffentlich zug\u00e4nglich zu bewerten. Die Nutzung des Bewertungssystems richtet sich nach dem Grundsatz zur Bewertungsfunktion der SV Bondorf Tauschb\u00f6rse.<\/li><li>Der SV Bondorf ver\u00f6ffentlicht und bewirbt die SV Bondorf Tauschb\u00f6rse und die von den Nutzern eingestellten Anzeigen selbst zum Beispiel durch Einbindung der Anzeigen oder Ausschnitten davon auf Webseiten. Der Nutzer gestattet dem SV Bondorf die vorgenannte Verwendung seiner Anzeigen zum Zwecke der Bewerbung und Steigerung der Reichweite.<\/li><li>Die SV Bondorf Tauschb\u00f6rse erm\u00f6glicht es den Nutzern, die Suchergebnisse anhand verschiedener Kriterien zu sortieren (bspw. Einstelldatum, Preis).<\/li><\/ol>\n\n\n\n<h2>\u00a7 2 Registrierung, Nutzerkonto<\/h2>\n\n\n\n<ol><li>F\u00fcr die vollst\u00e4ndige Nutzung der SV Bondorf Tauschb\u00f6rse, insbesondere f\u00fcr das \u00c4ndern von Anzeigen, ist eine Registrierung des Nutzers bei der SV Bondorf Tauschb\u00f6rse erforderlich. Voraussetzung f\u00fcr eine Registrierung ist, dass es sich bei dem Nutzer um eine nat\u00fcrliche Person, juristische Person oder Personengesellschaft handelt. Ist der Nutzer minderj\u00e4hrig, darf er sich nur mit Zustimmung der Erziehungsberechtigten bei der SV Bondorf Tauschb\u00f6rse registrieren. Der SV Bondorf beh\u00e4lt sich in diesem Fall vor, die Erbringung von Leistungen von der Vorlage eines Nachweises der Zustimmung der Erziehungsberechtigten abh\u00e4ngig zu machen.<\/li><li>Der Nutzer ist verpflichtet, die bei der Registrierung vom SV Bondorf erhobenen Daten wahrheitsgem\u00e4\u00df und vollst\u00e4ndig anzugeben. Bei einer \u00c4nderung der Daten nach erfolgter Registrierung ist der Nutzer verpflichtet, die Daten unverz\u00fcglich im passwortgesch\u00fctzten Nutzerbereich der SV Bondorf Tauschb\u00f6rse selbst zu aktualisieren.<\/li><li>Mit dem Absenden des Registrierungsformulars gibt der Nutzer ein Angebot auf den Abschluss einer Nutzungsvereinbarung mit der SV Bondorf Tauschb\u00f6rse ab, mit dem er die Geltung der Nutzungsbedingungen akzeptiert sowie die Kenntnisnahme der Datenschutzerkl\u00e4rung erkl\u00e4rt. Akzeptiert der SV Bondorf die Registrierung, erh\u00e4lt der Nutzer eine Best\u00e4tigungs-E-Mail mit einem personalisierten Link. Mit Zugang der Best\u00e4tigungs-E-Mail kommt zwischen dem SV Bondorf  und dem Nutzer ein Vertrag \u00fcber die Nutzung der SV Bondorf Tauschb\u00f6rse (im Folgenden \u201eNutzungsvertrag\u201c) zustande. Um die Registrierung abzuschlie\u00dfen, muss der Nutzer den mit der Best\u00e4tigungs-E-Mail mitgeteilten Link aufrufen und so seine E-Mail-Adresse verifizieren. Ein Anspruch auf Abschluss eines Nutzungsvertrages besteht nicht.<\/li><li>Mit erfolgreicher Registrierung wird f\u00fcr den Nutzer ein Nutzerkonto angelegt, auf das er mit Hilfe seiner E-Mail-Adresse und seines bei der Registrierung gew\u00e4hlten Passwortes zugreifen kann. Das Passwort kann vom Nutzer jederzeit \u00fcber den passwortgesch\u00fctzten Nutzerbereich ge\u00e4ndert werden. Es ist vom Nutzer geheim zu halten und vor dem Zugriff durch unbefugte Dritte gesch\u00fctzt aufzubewahren. Stellt der Nutzer fest oder hegt er den Verdacht, dass seine Zugangsdaten von einem Dritten unbefugt genutzt werden, hat er dies dem SV Bondorf unverz\u00fcglich mitzuteilen und sein Passwort unverz\u00fcglich zu \u00e4ndern.<\/li><li>Jeder Nutzer darf sich f\u00fcr die private Nutzung der SV Bondorf Tauschb\u00f6rse jeweils nur einmal bei der SV Bondorf Tauschb\u00f6rse registrieren. Nutzerkonten sind nicht \u00fcbertragbar.<\/li><li>Der Nutzer erh\u00e4lt auf seiner Nutzerprofilseite eine \u00dcbersicht der von ihm ver\u00f6ffentlichten Anzeigen. Zudem erh\u00e4lt er Informationen \u00fcber seine Aktivit\u00e4tsindikatoren und kann \u00c4nderungen an seinen Einstellungen, Pr\u00e4ferenzen und Daten vornehmen.<\/li><li>Im Rahmen der SV Bondorf Tauschb\u00f6rse hat der SV Bondorf Zugang zu verschiedenen Informationen \u00fcber Nutzer, einschlie\u00dflich personenbezogener Daten. Hierzu geh\u00f6ren insbesondere solche Informationen, die Nutzer im Rahmen der SV Bondorf Tauschb\u00f6rse an den SV Bondorf \u00fcbermitteln (z.B. Kontakt- oder Anzeigeninformationen) sowie solche, die bei der Erbringung und Abwicklung der SV Bondorf Tauschb\u00f6rse generiert werden (z.B. Bewertungen, Aktivit\u00e4tsindikatoren oder Kommunikation). Nutzer erhalten \u00fcber die SV Bondorf Tauschb\u00f6rse Informationen, die f\u00fcr die Erbringung der SV Bondorf Tauschb\u00f6rse erforderlich sind (insbesondere die Nachrichten und Kontaktinformationen eines interessierten K\u00e4ufers). Nutzer haben \u00fcber den Bereich \u201cEigene Anzeige Bearbeiten\u201d zudem Zugang zu wichtigen von ihnen \u00fcbermittelten Informationen (insbesondere unter Nachrichten, Anzeigen und Einstellungen).<br><\/li><\/ol>\n\n\n\n<p>\u00dcber die Verarbeitung personenbezogener Daten durch den SV Bondorf einschlie\u00dflich der \u00dcbermittlung an Dritte und den Rechten des Nutzers als Betroffener informiert der SV Bondorf in der <a rel=\"noreferrer noopener\" href=\"https:\/\/www.sv-bondorf.de\/index.php\/datenschutz\" target=\"_blank\">Datenschutzerkl\u00e4rung<\/a>.<\/p>\n\n\n\n<h2>\u00a7 3 Inhaltliche Anforderungen an eingestellte Anzeigen<\/h2>\n\n\n\n<ol><li>Der Nutzer ist verpflichtet, jede Anzeige in die jeweils passende Kategorie einzustellen und sein jeweiliges Angebot wahrheitsgem\u00e4\u00df und unter Angabe aller relevanten Merkmale und Eigenschaften mit Worten und m\u00f6glichst auch durch aussagekr\u00e4ftige Bilder zu beschreiben. <\/li><li>Es d\u00fcrfen nur private Anzeigen aufgegeben werden, die einen Zusammenhang zum Sportangebot vom SV Bondorf haben.<\/li><li>Das Einstellen von Anzeigen, Texten, Bildern oder sonstigen Inhalten, die gegen gesetzliche Bestimmungen, diese Nutzungsbedingungen, Rechte Dritter oder gegen die guten Sitten versto\u00dfen, ist untersagt. Insbesondere ist es verboten, Inhalte einzustellen,<br>-die gegen urheber-, marken- und wettbewerbsrechtliche Vorschriften oder gegen gesetzliche Bestimmungen zum Jugendschutz versto\u00dfen,<br>-die gegen die <a rel=\"noreferrer noopener\" href=\"https:\/\/sv-bondorf.de\/tauschboerse\/grundsaetze\/\" target=\"_blank\">Grunds\u00e4tze der SV Bondorf Tauschb\u00f6rse<\/a> bez\u00fcglich verbotener Inhalte versto\u00dfen, oder<br>-die unwahre Angaben enthalten oder die sonst irref\u00fchrend sind.<\/li><\/ol>\n\n\n\n<h2>\u00a7 4 Besondere Pflichten des Nutzers<\/h2>\n\n\n\n<ol><li>Der Nutzer ist verpflichtet, alle Handlungen zu unterlassen, die den sicheren Betrieb der SV Bondorf Tauschb\u00f6rse gef\u00e4hrden oder andere Nutzer bel\u00e4stigen k\u00f6nnten oder die sonst \u00fcber eine bestimmungsgem\u00e4\u00dfe Nutzung der SV Bondorf Tauschb\u00f6rse hinausgehen. Er ist insbesondere verpflichtet, es zu unterlassen,<br>-E-Mail-Werbung, SMS-Werbung, Kettenbriefe oder andere bel\u00e4stigende Inhalte zu versenden,<br>-Viren oder andere Technologien zu versenden, die die SV Bondorf Tauschb\u00f6rse oder die Interessen bzw. das Eigentum anderer Nutzer sch\u00e4digen k\u00f6nnten,<br>-die Infrastruktur der SV Bondorf Tauschb\u00f6rse einer \u00fcberm\u00e4\u00dfigen Belastung auszusetzen oder auf andere Weise das Funktionieren der SV Bondorf Tauschb\u00f6rse zu st\u00f6ren oder zu gef\u00e4hrden,<br>-Inhalte der SV Bondorf Tauschb\u00f6rse ohne vorherige Einwilligung vom SV Bondorf zu vervielf\u00e4ltigen, \u00f6ffentlich zug\u00e4nglich zu machen, zu verbreiten, zu bearbeiten oder sonst in einer Art und Weise zu nutzen, die \u00fcber die bestimmungsgem\u00e4\u00dfe Nutzung der SV Bondorf Tauschb\u00f6rse hinausgeht.<br>-die Anzeigen oder sonstigen Inhalte Dritter ohne deren vorherige Einwilligung zu vervielf\u00e4ltigen, \u00f6ffentlich zug\u00e4nglich zu machen, zu verbreiten, zu bearbeiten oder sonst in einer Art und Weise zu nutzen, die \u00fcber die bestimmungsgem\u00e4\u00dfe Nutzung der SV Bondorf Tauschb\u00f6rse hinausgeht.<br>-ohne die ausdr\u00fcckliche schriftliche Zustimmung vom SV Bondorf Crawler, Spider, Scraper oder andere automatisierte Mechanismen zu nutzen, um auf die SV Bondorf Tauschb\u00f6rse zuzugreifen und Inhalte zu sammeln,<br>-Informationen, insbesondere E-Mail-Adressen oder Rufnummern, \u00fcber andere Nutzer ohne die vorherige Einwilligung der Nutzer zu sammeln bzw. zu verwenden,<br>-Ma\u00dfnahmen zu umgehen, die dazu dienen, den Zugriff auf die SV Bondorf Tauschb\u00f6rse zu verhindern oder einzuschr\u00e4nken.<\/li><li>Der Nutzer ist verpflichtet, alle innerhalb der SV Bondorf Tauschb\u00f6rse gespeicherten Daten und Informationen, die er zu Zwecken der Beweissicherung, Buchf\u00fchrung oder zu anderen Zwecken aktuell oder k\u00fcnftig ben\u00f6tigt oder ben\u00f6tigen k\u00f6nnte, auf einem eigenen Speichermedium zu sichern und zu archivieren.<br><\/li><\/ol>\n\n\n\n<h2>\u00a7 5 L\u00f6schen von Anzeigen, Sperrung von Nutzern, sonstige Ma\u00dfnahmen<\/h2>\n\n\n\n<ol><li>Der SV Bondorf ist berechtigt, in die SV Bondorf Tauschb\u00f6rse eingestellte Anzeigen oder sonstige Inhalte des Nutzers ganz oder teilweise zu l\u00f6schen oder die Ver\u00f6ffentlichung von Anzeigen oder sonstigen Inhalten des Nutzers zu verz\u00f6gern oder nicht vorzunehmen, wenn konkrete Anhaltspunkte daf\u00fcr vorliegen, dass die Anzeige oder der Inhalt gegen diese Nutzungsbedingungen oder gegen gesetzlichen Vorgaben verst\u00f6\u00dft, oder dass der Nutzer sonst schuldhaft vertragliche Pflichten verletzt hat. Der SV Bondorf kann den Nutzer in einem solchen Fall au\u00dferdem verwarnen und\/oder vorl\u00e4ufig oder dauerhaft von der Nutzung der SV Bondorf Tauschb\u00f6rse ausschlie\u00dfen. Bei einer vorl\u00e4ufigen oder dauerhaften Sperrung wird der SV Bondorf den Nutzer \u00fcber diesen Umstand 30 Tage vor dem Wirksamwerden der Sperrung informieren und diesen auf einem dauerhaften Datentr\u00e4ger (z.B. E-Mail) begr\u00fcnden, sofern dem keine zwingenden Gr\u00fcnde entgegenstehen. Die vorgenannte Frist gilt nicht, sofern die K\u00fcndigung oder dauerhafte Sperrung aufgrund zwingender gesetzlicher Bestimmungen oder beh\u00f6rdlicher Anordnung erfolgt oder der SV Bondorf nachweisen kann, dass der Nutzer wiederholt gegen diese Nutzungsbedingungen versto\u00dfen hat, was zur K\u00fcndigung bzw. dauerhaften Sperrung gef\u00fchrt hat.<\/li><li>Der SV Bondorf beh\u00e4lt sich au\u00dferdem vor, Anzeigen nicht zu ver\u00f6ffentlichen bzw. aus der SV Bondorf Tauschb\u00f6rse zu entfernen, bei denen Anhaltspunkte daf\u00fcr bestehen, dass das inserierte Produkt nicht frei verk\u00e4uflich ist oder sonst in rechtswidriger Weise angeboten wird, oder wenn Anhaltspunkte daf\u00fcr vorliegen, dass die Anzeige zu missbr\u00e4uchlichen Zwecken geschaltet werden soll oder wurde. Der SV Bondorf beh\u00e4lt sich au\u00dferdem vor, bestimmte Produkte von einer Inserierung auszuschlie\u00dfen und entsprechende Anzeigen zu entfernen, wenn diese Produkte typischerweise zu missbr\u00e4uchlichen Zwecken inseriert werden.<\/li><li>Wurde ein Nutzer durch den SV Bondorf von der Nutzung der SV Bondorf Tauschb\u00f6rse ausgeschlossen oder wurde der Nutzungsvertrag mit dem Nutzer beendet, darf der Nutzer die SV Bondorf Tauschb\u00f6rse auch mit anderen Nutzerkonten, einschlie\u00dflich solcher Nutzerkonten, die f\u00fcr Dritte angelegt wurden, nicht mehr nutzen und sich nicht erneut f\u00fcr eine Registrierung bei der SV Bondorf Tauschb\u00f6rse anmelden.<\/li><li>Der SV Bondorf ist berechtigt, die Zurverf\u00fcgungstellung der SV Bondorf Tauschb\u00f6rse ganz oder teilweise einzuschr\u00e4nken oder zu beenden sowie die Ver\u00f6ffentlichung von Anzeigen oder sonstigen Inhalten von Nutzern zu verz\u00f6gern, wenn dies im Hinblick auf Kapazit\u00e4tsbeschr\u00e4nkungen, die Sicherheit oder Integrit\u00e4t der Server oder zur Durchf\u00fchrung technischer Ma\u00dfnahmen erforderlich ist, oder dies der ordnungsgem\u00e4\u00dfen oder verbesserten Erbringung der Leistungen dient (Wartungsarbeiten).<\/li><\/ol>\n\n\n\n<h2>\u00a7 6 Geb\u00fchren<\/h2>\n\n\n\n<ol><li>Geb\u00fchren f\u00fcr die Nutzung der SV Bondorf Tauschb\u00f6rse werden nicht erhoben.<\/li><\/ol>\n\n\n\n<h2>\u00a7 7 Haftung vom SV Bondorf<\/h2>\n\n\n\n<ol><li>Die in der SV Bondorf Tauschb\u00f6rse ver\u00f6ffentlichten Anzeigen und sonstigen Inhalte von Nutzern geben nicht die Meinung vom SV Bondorf wieder und werden vom SV Bondorf nicht auf ihre Rechtm\u00e4\u00dfigkeit, Richtigkeit und Vollst\u00e4ndigkeit \u00fcberpr\u00fcft. Der SV Bondorf \u00fcbernimmt keine Gew\u00e4hr f\u00fcr die Richtigkeit und Vollst\u00e4ndigkeit der in den Anzeigen enthaltenen Angaben und auch keine Gew\u00e4hr f\u00fcr die Qualit\u00e4t, Sicherheit oder Rechtm\u00e4\u00dfigkeit der von Nutzern angebotenen Waren oder Dienstleistungen.<\/li><li>Eine Haftung vom SV Bondorf ist ausgeschlossen.<\/li><li>Soweit die Haftung vom SV Bondorf ausgeschlossen oder beschr\u00e4nkt ist, gilt dies auch zugunsten der pers\u00f6nlichen Haftung ihrer gesetzlichen Vertreter, leitenden Angestellten und sonstigen Erf\u00fcllungsgehilfen.<\/li><\/ol>\n\n\n\n<h2>\u00a7 8 Haftung des Nutzers<\/h2>\n\n\n\n<ol><li>Der Nutzer stellt den SV Bondorf von s\u00e4mtlichen Anspr\u00fcchen frei, die andere Nutzer oder sonstige Dritte wegen einer Verletzung ihrer Rechte durch von dem Nutzer in die SV Bondorf Tauschb\u00f6rse eingestellten Anzeigen und sonstigen Inhalten oder wegen dessen sonstiger Nutzung der SV Bondorf Tauschb\u00f6rse gegen\u00fcber dem SV Bondorf geltend machen. Der Nutzer \u00fcbernimmt hierbei die Kosten der notwendigen Rechtsverteidigung vom SV Bondorf einschlie\u00dflich s\u00e4mtlicher Gerichts- und Anwaltskosten in gesetzlicher H\u00f6he. Der Anspruch auf Freistellung besteht nicht, wenn der Nutzer die Rechtsverletzung nicht zu vertreten hat.<\/li><li>Der Nutzer ist verpflichtet, dem SV Bondorf im Falle einer Inanspruchnahme durch Dritte auf Anforderung unverz\u00fcglich wahrheitsgem\u00e4\u00df und vollst\u00e4ndig alle Informationen zur Verteidigung zur Verf\u00fcgung zu stellen, die f\u00fcr die Pr\u00fcfung der Anspr\u00fcche und eine Verteidigung dagegen erforderlich sind.<\/li><li>Eine \u00fcber diese Regelungen hinausgehende Haftung des Nutzers bleibt unber\u00fchrt.<\/li><\/ol>\n\n\n\n<h2>\u00a7 9 Beendigung des Nutzungsvertrages<\/h2>\n\n\n\n<ol><li>Der Nutzer kann den Nutzungsvertrag, soweit nicht anders vereinbart, jederzeit ohne Einhaltung einer K\u00fcndigungsfrist in Textform k\u00fcndigen. Dazu gen\u00fcgt die \u00dcbersendung einer K\u00fcndigungserkl\u00e4rung per E-Mail an den Kundenservice der SV Bondorf Tauschb\u00f6rse (tauschboerse@sv-bondorf.de) oder postalisch an: Sportverein Bondorf 1934 e.V., Alte Herrenberger Str. 26, 71149 Bondorf.<\/li><li>Der SV Bondorf kann den Nutzungsvertrag jederzeit ordentlich mit einer Frist von 30 Tagen k\u00fcndigen. Der Nutzer darf ab Zugang einer durch den SV Bondorf erkl\u00e4rten K\u00fcndigung keine neuen Leistungen von SV Bondorf Tauschb\u00f6rse mehr buchen. Die Frist gilt nicht, sofern die K\u00fcndigung aufgrund von zwingenden gesetzlichen Bestimmungen oder beh\u00f6rdlicher Anordnung erfolgt.Der SV Bondorf wird dem Nutzer dies gesondert begr\u00fcnden, sofern dem keine zwingenden Gr\u00fcnde entgegenstehen. Das Recht vom SV Bondorf zur L\u00f6schung einzelner Anzeigen, zur Sperrung von Nutzern und zur Durchf\u00fchrung sonstiger Ma\u00dfnahmen nach \u00a7 5 sowie das Recht zur fristlosen K\u00fcndigung aus wichtigem Grund bleiben unber\u00fchrt.<\/li><li>Mit Beendigung des Nutzungsvertrages werden alle laufenden Anzeigen des Nutzers aus der SV Bondorf Tauschb\u00f6rse entfernt und das Nutzerkonto des Nutzers deaktiviert. Ein Zugriff auf das Nutzerkonto durch den Nutzer besteht ab diesem Zeitpunkt nicht mehr. Das Nutzerkonto und alle dazu gespeicherten Daten des Nutzers werden sp\u00e4testens sechs Monate nach Vertragsbeendigung gel\u00f6scht. Dies gilt nicht f\u00fcr Daten, zu deren Aufbewahrung der SV Bondorf gesetzlich verpflichtet ist oder an deren Aufbewahrung ein berechtigtes Interesse hat, z.B. um nach einer berechtigten Sperrung ein erneutes Anmelden zu verhindern. Aggregierte Daten, die durch die Nutzung generiert wurden, k\u00f6nnen grunds\u00e4tzlich auch nach Vertragsende weiterhin aufbewahrt werden.<\/li><\/ol>\n\n\n\n<h2>\u00a7 10 Datenschutz<\/h2>\n\n\n\n<p>Detaillierte Informationen zur Erhebung, Verarbeitung und Nutzung personenbezogener Daten des Nutzers im Zusammenhang mit der Registrierung, der Durchf\u00fchrung der Nutzungsvereinbarung und der Nutzung der SV Bondorf Tauschb\u00f6rse finden sich in der <a rel=\"noreferrer noopener\" href=\"https:\/\/www.sv-bondorf.de\/index.php\/datenschutz\" target=\"_blank\">Datenschutzerkl\u00e4rung<\/a> vom SV Bondorf.<\/p>\n\n\n\n<h2>\u00a7 11 \u00c4nderung der Nutzungsbedingungen<\/h2>\n\n\n\n<p>F\u00fcr \u00c4nderungen dieser Nutzungsbedingungen gilt: Der Nutzer kann den ge\u00e4nderten Nutzungsbedingungen einerseits zustimmen, indem er sie mit dem Einstellen einer Anzeige oder bei der Anfrage zu einem Inserat akzeptiert; der SV Bondorf wird dies dann durch einen entsprechenden Hinweis besonders kennzeichnen. Andererseits kann der SV Bondorf dem Nutzer jederzeit eine \u00c4nderung dieser Nutzungsbedingungen vorschlagen. \u00c4nderungen dieser Nutzungsbedingungen werden den Nutzern sp\u00e4testens 30 Tage vor dem vorgeschlagenen Zeitpunkt ihres Wirksamwerdens in Textform (z. B. per E-Mail) angeboten. Die Zustimmung durch den Nutzer gilt als erteilt, wenn die Ablehnung nicht vor dem vorgeschlagenen Zeitpunkt des Wirksamwerdens der \u00c4nderungen gegen\u00fcber dem SV Bondorf in Textform angezeigt wird. Wenn der Nutzer mit den \u00c4nderungen nicht einverstanden ist, steht ihm bis zu dem vorgeschlagenen Zeitpunkt des Wirksamwerdens der \u00c4nderungen ein fristloses und kostenfreies K\u00fcndigungsrecht zu. Der SV Bondorf weist den Nutzer in der Nachricht, mit der die \u00c4nderungen angeboten werden, auch noch einmal besonders auf das Ablehnungsrecht, die Frist daf\u00fcr und die M\u00f6glichkeit zur K\u00fcndigung hin. Die ge\u00e4nderten Nutzungsbedingungen werden zus\u00e4tzlich auf der Website der SV Bondorf Tauschb\u00f6rse ver\u00f6ffentlicht.<\/p>\n\n\n\n<h2>\u00a7 12 Schlussbestimmungen<\/h2>\n\n\n\n<ol><li>Auf die Nutzungsbedingungen, den Nutzungsvertrag und alle darauf basierende Vereinbarungen zwischen dem SV Bondorf und dem Nutzer findet ausschlie\u00dflich das Recht der Bundesrepublik Deutschland Anwendung. Die Anwendung des UN-Kaufrechts (CISG) ist ausgeschlossen. Handelt der Nutzer als Verbraucher, sind dar\u00fcber hinaus die zwingenden Verbraucherschutzbestimmungen anwendbar, die in dem Staat gelten, in dem der Nutzer seinen gew\u00f6hnlichen Aufenthalt hat, sofern diese dem Nutzer einen weitergehenden Schutz gew\u00e4hren.<\/li><li>F\u00fcr Nutzer, die Verbraucher sind, besteht ein Gerichtsstand am jeweiligen Wohnsitz des Nutzers. F\u00fcr alle aus dem Nutzungsvertrag und diesen Nutzungsbedingungen entstehenden Streitigkeiten ist zus\u00e4tzlicher Gerichtsstand f\u00fcr Verbraucher Stuttgart.<\/li><li>Der SV Bondorf ist weder bereit noch verpflichtet, an Streitbeilegungsverfahren mit Verbrauchern vor einer Verbraucherschlichtungsstelle teilzunehmen (\u00a7 36 Abs. 1 Nr. 1 VSBG).<\/li><li>Sollten einzelne Bestimmungen dieser Nutzungsbedingungen ganz oder teilweise nichtig oder unwirksam sein oder werden, so wird dadurch die Wirksamkeit der \u00fcbrigen Bestimmungen nicht ber\u00fchrt. An die Stelle von nicht einbezogenen oder unwirksamen Bestimmungen dieser Nutzungsbedingungen tritt das Gesetzesrecht. Sofern solches Gesetzesrecht im jeweiligen Fall nicht zur Verf\u00fcgung steht (Regelungsl\u00fccke) oder zu einem untragbaren Ergebnis f\u00fchren w\u00fcrde, werden die Parteien in Verhandlungen dar\u00fcber eintreten, anstelle der nicht einbezogenen oder unwirksamen Bestimmung eine wirksame Regelung zu treffen, die ihr wirtschaftlich m\u00f6glichst nahe kommt.<\/li><\/ol>\n","protected":false},"excerpt":{"rendered":"<p>Allgemeine Nutzungsbedingungen f\u00fcr die SV Bondorf Tauschb\u00f6rse Diese Nutzungsbedingungen gelten ab dem 14.04.2021. Der SV Bondorf 1934 e.V. &#8211; im weiteren Verlauf SV Bondorf genannt &#8211; betreibt unter der Bezeichnung \u201eSV Bondorf Tauschb\u00f6rse\u201c eine deutschsprachige Website. Diese Allgemeinen Nutzungsbedingungen (im Folgenden \u201eNutzungsbedingungen\u201c) enthalten die grundlegenden Regeln f\u00fcr die Nutzung der SV Bondorf Tauschb\u00f6rse. Von diesen&hellip;&nbsp;<a href=\"https:\/\/sv-bondorf.de\/tauschboerse\/nutzungsbedingungen\/\" class=\"\" rel=\"bookmark\">Weiterlesen &raquo;<span class=\"screen-reader-text\">Nutzungsbedingungen<\/span><\/a><\/p>\n","protected":false},"author":1,"featured_media":0,"parent":0,"menu_order":0,"comment_status":"closed","ping_status":"closed","template":"","meta":{"neve_meta_sidebar":"full-width","neve_meta_container":"","neve_meta_enable_content_width":"on","neve_meta_content_width":100,"neve_meta_title_alignment":"","neve_meta_author_avatar":"","neve_post_elements_order":"","neve_meta_disable_header":"","neve_meta_disable_footer":"","neve_meta_disable_title":""},"_links":{"self":[{"href":"https:\/\/sv-bondorf.de\/tauschboerse\/wp-json\/wp\/v2\/pages\/63"}],"collection":[{"href":"https:\/\/sv-bondorf.de\/tauschboerse\/wp-json\/wp\/v2\/pages"}],"about":[{"href":"https:\/\/sv-bondorf.de\/tauschboerse\/wp-json\/wp\/v2\/types\/page"}],"author":[{"embeddable":true,"href":"https:\/\/sv-bondorf.de\/tauschboerse\/wp-json\/wp\/v2\/users\/1"}],"replies":[{"embeddable":true,"href":"https:\/\/sv-bondorf.de\/tauschboerse\/wp-json\/wp\/v2\/comments?post=63"}],"version-history":[{"count":9,"href":"https:\/\/sv-bondorf.de\/tauschboerse\/wp-json\/wp\/v2\/pages\/63\/revisions"}],"predecessor-version":[{"id":131,"href":"https:\/\/sv-bondorf.de\/tauschboerse\/wp-json\/wp\/v2\/pages\/63\/revisions\/131"}],"wp:attachment":[{"href":"https:\/\/sv-bondorf.de\/tauschboerse\/wp-json\/wp\/v2\/media?parent=63"}],"curies":[{"name":"wp","href":"https:\/\/api.w.org\/{rel}","templated":true}]}}